{"id":9,"date":"2019-01-08T18:20:05","date_gmt":"2019-01-08T15:20:05","guid":{"rendered":"http:\/\/partnersyapi.com\/tur\/?page_id=9"},"modified":"2022-08-11T15:06:43","modified_gmt":"2022-08-11T12:06:43","slug":"anasayfa","status":"publish","type":"page","link":"https:\/\/partnersyapi.com\/tur\/","title":{"rendered":"Anasayfa"},"content":{"rendered":"<p><div class=\"fusion-fullwidth fullwidth-box fusion-builder-row-1 nonhundred-percent-fullwidth non-hundred-percent-height-scrolling\" style=\"background-color: #000000;background-position: center center;background-repeat: no-repeat;padding-top:0px;padding-right:0px;padding-bottom:0px;padding-left:0px;margin-bottom: 0px;margin-top: 0px;border-width: 0px 0px 0px 0px;border-color:#eae9e9;border-style:solid;\" ><div class=\"fusion-builder-row fusion-row\"><div class=\"fusion-layout-column fusion_builder_column fusion-builder-column-0 fusion_builder_column_1_1 1_1 fusion-one-full fusion-column-first fusion-column-last\" style=\"margin-top:0px;margin-bottom:20px;\"><div class=\"fusion-column-wrapper fusion-flex-column-wrapper-legacy\" style=\"background-position:left top;background-repeat:no-repeat;-webkit-background-size:cover;-moz-background-size:cover;-o-background-size:cover;background-size:cover;background-color:#000000;padding: -200px 0px 0px 0px;\"><div class=\"fusion-column-content-centered\"><div class=\"fusion-column-content\"><div class=\"fusion-text fusion-text-1\" style=\"transform:translate3d(0,0,0);\"><h1 style=\"text-align: left;\"><span style=\"color: #ffffff;\">Projeler<\/span><\/h1>\n<\/div><div class=\"fusion-sep-clear\"><\/div><div class=\"fusion-separator fusion-no-small-visibility fusion-no-medium-visibility fusion-clearfix\" style=\"float:left;margin-bottom:30px;width:100%;max-width:206px;\"><div class=\"fusion-separator-border sep-single sep-solid\" style=\"border-color:#00bcd4;border-top-width:1px;\"><\/div><\/div><div class=\"fusion-sep-clear\"><\/div><div class=\"fusion-recent-works fusion-portfolio-element fusion-portfolio fusion-portfolio-1 fusion-portfolio-grid fusion-portfolio-paging-none fusion-portfolio-three fusion-portfolio-no_text fusion-portfolio-rollover carusel\" data-id=\"-rw-1\" data-columns=\"three\"><style type=\"text\/css\">.fusion-portfolio-1 .fusion-portfolio-wrapper .fusion-col-spacing{padding:10px;}<\/style><div class=\"fusion-portfolio-wrapper\" id=\"fusion-portfolio-1\" data-picturesize=\"auto\" data-pages=\"8\" style=\"margin:-10px;\"><article id=\"portfolio-1-post-301\" class=\"fusion-portfolio-post tamamlanan-proje fusion-col-spacing post-301\"><div class=\"fusion-portfolio-content-wrapper\" style=\"border:none;\"><span class=\"entry-title rich-snippet-hidden\">KUZEY YAKASI PROJES\u0130 MOCK-UP ODASI<\/span><span class=\"vcard rich-snippet-hidden\"><span class=\"fn\"><a href=\"https:\/\/partnersyapi.com\/tur\/author\/partnersyapi\/\" title=\"partnersyapi taraf\u0131ndan yaz\u0131lan yaz\u0131lar\" rel=\"author\">partnersyapi<\/a><\/span><\/span><span class=\"updated rich-snippet-hidden\">2021-07-01T03:01:25+03:00<\/span>\n\n<div  class=\"fusion-image-wrapper\" aria-haspopup=\"true\">\n\t\n\t\n\t\n\t\t\n\t\t\t\t\t<img decoding=\"async\" width=\"800\" height=\"1067\" src=\"https:\/\/partnersyapi.com\/tur\/wp-content\/uploads\/2019\/09\/kuzey-yakasi-4-1-800x1067.jpeg\" class=\"attachment-full size-full wp-post-image\" alt=\"\" srcset=\"https:\/\/partnersyapi.com\/tur\/wp-content\/uploads\/2019\/09\/kuzey-yakasi-4-1-800x1067-200x267.jpeg 200w, https:\/\/partnersyapi.com\/tur\/wp-content\/uploads\/2019\/09\/kuzey-yakasi-4-1-800x1067-400x534.jpeg 400w, https:\/\/partnersyapi.com\/tur\/wp-content\/uploads\/2019\/09\/kuzey-yakasi-4-1-800x1067-600x800.jpeg 600w, https:\/\/partnersyapi.com\/tur\/wp-content\/uploads\/2019\/09\/kuzey-yakasi-4-1-800x1067.jpeg 800w\" sizes=\"(min-width: 2200px) 100vw, (min-width: 784px) 377px, (min-width: 712px) 565px, (min-width: 640px) 712px, \" \/>\n\t\n\n\t\t<div class=\"fusion-rollover\">\n\t<div class=\"fusion-rollover-content\">\n\n\t\t\t\t\t\t\t\t\t\t\t\t\t\t<a class=\"fusion-rollover-link\" href=\"https:\/\/partnersyapi.com\/tur\/projeler\/kuzey-yakasi-projesi-mock-up-odasi\/\">KUZEY YAKASI PROJES\u0130 MOCK-UP ODASI<\/a>\n\t\t\t\n\t\t\t\t\t\t\t\t\t\t\t\t\t\t\n\t\t\t\t\t\t\t\t\n\t\t\t\t\t\t\t\t\t\t\t\t\t<div class=\"fusion-rollover-sep\"><\/div>\n\t\t\t\t\n\t\t\t\t\t\t\t\t\t\t\t\t\t\t\t\t\t\t<a class=\"fusion-rollover-gallery\" href=\"https:\/\/partnersyapi.com\/tur\/wp-content\/uploads\/2019\/09\/kuzey-yakasi-4-1-800x1067.jpeg\" data-id=\"301\" data-rel=\"iLightbox[gallery-rw-1]\" data-title=\"KUZEY YAKASI PROJES\u0130 MOCK-UP ODASI\" data-caption=\"\">\n\t\t\t\t\t\tGallery\t\t\t\t\t<\/a>\n\t\t\t\t\t\t\t\t\t\t\t\t\t\t\n\t\t\t\t\n\t\t\t\t\t\t\t\t\t\t\t\t<h4 class=\"fusion-rollover-title\">\n\t\t\t\t\t<a class=\"fusion-rollover-title-link\" href=\"https:\/\/partnersyapi.com\/tur\/projeler\/kuzey-yakasi-projesi-mock-up-odasi\/\">\n\t\t\t\t\t\tKUZEY YAKASI PROJES\u0130 MOCK-UP ODASI\t\t\t\t\t<\/a>\n\t\t\t\t<\/h4>\n\t\t\t\n\t\t\t\t\t\t\t\t\t\t\t\t\t\t<div class=\"fusion-rollover-categories\"><a href=\"https:\/\/partnersyapi.com\/tur\/proje_kategorisi\/tamamlanan-proje\/\" rel=\"tag\">Tamamlanan Proje<\/a><\/div>\t\t\t\t\t\n\t\t\n\t\t\t\t<a class=\"fusion-link-wrapper\" href=\"https:\/\/partnersyapi.com\/tur\/projeler\/kuzey-yakasi-projesi-mock-up-odasi\/\" aria-label=\"KUZEY YAKASI PROJES\u0130 MOCK-UP ODASI\"><\/a>\n\t<\/div>\n<\/div>\n\n\t\n<\/div>\n<\/div><\/article><article id=\"portfolio-1-post-90\" class=\"fusion-portfolio-post tamamlanan-proje fusion-col-spacing post-90\"><div class=\"fusion-portfolio-content-wrapper\" style=\"border:none;\"><span class=\"entry-title rich-snippet-hidden\">VOLKSWAGEN ARENA<\/span><span class=\"vcard rich-snippet-hidden\"><span class=\"fn\"><a href=\"https:\/\/partnersyapi.com\/tur\/author\/partnersyapi\/\" title=\"partnersyapi taraf\u0131ndan yaz\u0131lan yaz\u0131lar\" rel=\"author\">partnersyapi<\/a><\/span><\/span><span class=\"updated rich-snippet-hidden\">2019-09-12T14:47:49+03:00<\/span>\n\n<div  class=\"fusion-image-wrapper\" aria-haspopup=\"true\">\n\t\n\t\n\t\n\t\t\n\t\t\t\t\t<img decoding=\"async\" width=\"720\" height=\"480\" src=\"https:\/\/partnersyapi.com\/tur\/wp-content\/uploads\/2019\/01\/volskwagen-arena-4.jpg\" class=\"attachment-full size-full wp-post-image\" alt=\"\" srcset=\"https:\/\/partnersyapi.com\/tur\/wp-content\/uploads\/2019\/01\/volskwagen-arena-4-200x133.jpg 200w, https:\/\/partnersyapi.com\/tur\/wp-content\/uploads\/2019\/01\/volskwagen-arena-4-400x267.jpg 400w, https:\/\/partnersyapi.com\/tur\/wp-content\/uploads\/2019\/01\/volskwagen-arena-4-600x400.jpg 600w, https:\/\/partnersyapi.com\/tur\/wp-content\/uploads\/2019\/01\/volskwagen-arena-4.jpg 720w\" sizes=\"(min-width: 2200px) 100vw, (min-width: 784px) 377px, (min-width: 712px) 565px, (min-width: 640px) 712px, \" \/>\n\t\n\n\t\t<div class=\"fusion-rollover\">\n\t<div class=\"fusion-rollover-content\">\n\n\t\t\t\t\t\t\t\t\t\t\t\t\t\t<a class=\"fusion-rollover-link\" href=\"https:\/\/partnersyapi.com\/tur\/projeler\/volkswagen-arena\/\">VOLKSWAGEN ARENA<\/a>\n\t\t\t\n\t\t\t\t\t\t\t\t\t\t\t\t\t\t\n\t\t\t\t\t\t\t\t\n\t\t\t\t\t\t\t\t\t\t\t\t\t<div class=\"fusion-rollover-sep\"><\/div>\n\t\t\t\t\n\t\t\t\t\t\t\t\t\t\t\t\t\t\t\t\t\t\t<a class=\"fusion-rollover-gallery\" href=\"https:\/\/partnersyapi.com\/tur\/wp-content\/uploads\/2019\/01\/volskwagen-arena-4.jpg\" data-id=\"90\" data-rel=\"iLightbox[gallery-rw-1]\" data-title=\"volskwagen-arena (4)\" data-caption=\"\">\n\t\t\t\t\t\tGallery\t\t\t\t\t<\/a>\n\t\t\t\t\t\t\t\t\t\t\t\t\t\t\n\t\t\t\t\n\t\t\t\t\t\t\t\t\t\t\t\t<h4 class=\"fusion-rollover-title\">\n\t\t\t\t\t<a class=\"fusion-rollover-title-link\" href=\"https:\/\/partnersyapi.com\/tur\/projeler\/volkswagen-arena\/\">\n\t\t\t\t\t\tVOLKSWAGEN ARENA\t\t\t\t\t<\/a>\n\t\t\t\t<\/h4>\n\t\t\t\n\t\t\t\t\t\t\t\t\t\t\t\t\t\t<div class=\"fusion-rollover-categories\"><a href=\"https:\/\/partnersyapi.com\/tur\/proje_kategorisi\/tamamlanan-proje\/\" rel=\"tag\">Tamamlanan Proje<\/a><\/div>\t\t\t\t\t\n\t\t\n\t\t\t\t<a class=\"fusion-link-wrapper\" href=\"https:\/\/partnersyapi.com\/tur\/projeler\/volkswagen-arena\/\" aria-label=\"VOLKSWAGEN ARENA\"><\/a>\n\t<\/div>\n<\/div>\n\n\t\n<\/div>\n<\/div><\/article><article id=\"portfolio-1-post-80\" class=\"fusion-portfolio-post tamamlanan-proje fusion-col-spacing post-80\"><div class=\"fusion-portfolio-content-wrapper\" style=\"border:none;\"><span class=\"entry-title rich-snippet-hidden\">IL RICCIO HOTEL<\/span><span class=\"vcard rich-snippet-hidden\"><span class=\"fn\"><a href=\"https:\/\/partnersyapi.com\/tur\/author\/partnersyapi\/\" title=\"partnersyapi taraf\u0131ndan yaz\u0131lan yaz\u0131lar\" rel=\"author\">partnersyapi<\/a><\/span><\/span><span class=\"updated rich-snippet-hidden\">2019-09-13T10:59:52+03:00<\/span>\n\n<div  class=\"fusion-image-wrapper\" aria-haspopup=\"true\">\n\t\n\t\n\t\n\t\t\n\t\t\t\t\t<img decoding=\"async\" width=\"1200\" height=\"800\" src=\"https:\/\/partnersyapi.com\/tur\/wp-content\/uploads\/2019\/01\/Il-Riccio-Beach-House-Genel-250166.jpg\" class=\"attachment-full size-full wp-post-image\" alt=\"\" srcset=\"https:\/\/partnersyapi.com\/tur\/wp-content\/uploads\/2019\/01\/Il-Riccio-Beach-House-Genel-250166-200x133.jpg 200w, https:\/\/partnersyapi.com\/tur\/wp-content\/uploads\/2019\/01\/Il-Riccio-Beach-House-Genel-250166-400x267.jpg 400w, https:\/\/partnersyapi.com\/tur\/wp-content\/uploads\/2019\/01\/Il-Riccio-Beach-House-Genel-250166-600x400.jpg 600w, https:\/\/partnersyapi.com\/tur\/wp-content\/uploads\/2019\/01\/Il-Riccio-Beach-House-Genel-250166-800x533.jpg 800w, https:\/\/partnersyapi.com\/tur\/wp-content\/uploads\/2019\/01\/Il-Riccio-Beach-House-Genel-250166.jpg 1200w\" sizes=\"(min-width: 2200px) 100vw, (min-width: 784px) 377px, (min-width: 712px) 565px, (min-width: 640px) 712px, \" \/>\n\t\n\n\t\t<div class=\"fusion-rollover\">\n\t<div class=\"fusion-rollover-content\">\n\n\t\t\t\t\t\t\t\t\t\t\t\t\t\t<a class=\"fusion-rollover-link\" href=\"https:\/\/partnersyapi.com\/tur\/projeler\/il-riccio-hotel\/\">IL RICCIO HOTEL<\/a>\n\t\t\t\n\t\t\t\t\t\t\t\t\t\t\t\t\t\t\n\t\t\t\t\t\t\t\t\n\t\t\t\t\t\t\t\t\t\t\t\t\t<div class=\"fusion-rollover-sep\"><\/div>\n\t\t\t\t\n\t\t\t\t\t\t\t\t\t\t\t\t\t\t\t\t\t\t<a class=\"fusion-rollover-gallery\" href=\"https:\/\/partnersyapi.com\/tur\/wp-content\/uploads\/2019\/01\/Il-Riccio-Beach-House-Genel-250166.jpg\" data-id=\"80\" data-rel=\"iLightbox[gallery-rw-1]\" data-title=\"Il-Riccio-Beach-House-Genel-250166\" data-caption=\"\">\n\t\t\t\t\t\tGallery\t\t\t\t\t<\/a>\n\t\t\t\t\t\t\t\t\t\t\t\t\t\t\n\t\t\t\t\n\t\t\t\t\t\t\t\t\t\t\t\t<h4 class=\"fusion-rollover-title\">\n\t\t\t\t\t<a class=\"fusion-rollover-title-link\" href=\"https:\/\/partnersyapi.com\/tur\/projeler\/il-riccio-hotel\/\">\n\t\t\t\t\t\tIL RICCIO HOTEL\t\t\t\t\t<\/a>\n\t\t\t\t<\/h4>\n\t\t\t\n\t\t\t\t\t\t\t\t\t\t\t\t\t\t<div class=\"fusion-rollover-categories\"><a href=\"https:\/\/partnersyapi.com\/tur\/proje_kategorisi\/tamamlanan-proje\/\" rel=\"tag\">Tamamlanan Proje<\/a><\/div>\t\t\t\t\t\n\t\t\n\t\t\t\t<a class=\"fusion-link-wrapper\" href=\"https:\/\/partnersyapi.com\/tur\/projeler\/il-riccio-hotel\/\" aria-label=\"IL RICCIO HOTEL\"><\/a>\n\t<\/div>\n<\/div>\n\n\t\n<\/div>\n<\/div><\/article><\/div><\/div><\/div><\/div><div class=\"fusion-clearfix\"><\/div><\/div><\/div><\/div><\/div><div class=\"fusion-fullwidth fullwidth-box fusion-builder-row-2 hundred-percent-fullwidth non-hundred-percent-height-scrolling\" style=\"background-color: rgba(216,216,216,0);background-position: center center;background-repeat: no-repeat;padding-top:0px;padding-right:0px;padding-bottom:0px;padding-left:0px;margin-bottom: 0px;margin-top: 0px;border-width: 0px 0px 0px 0px;border-color:#eae9e9;border-style:solid;\" ><div class=\"fusion-builder-row fusion-row\"><div class=\"fusion-layout-column fusion_builder_column fusion-builder-column-1 fusion_builder_column_1_1 1_1 fusion-one-full fusion-column-first fusion-column-last\" style=\"margin-top:0px;margin-bottom:20px;\"><div class=\"fusion-column-wrapper fusion-flex-column-wrapper-legacy\" style=\"background-position:left top;background-repeat:no-repeat;-webkit-background-size:cover;-moz-background-size:cover;-o-background-size:cover;background-size:cover;background-color:#fcfcfc;padding: 0px 0px 0px 0px;\"><div class=\"fusion-text fusion-text-2\" style=\"transform:translate3d(0,0,0);\"><h1 style=\"text-align: center;\">Referanslar<\/h1>\n<\/div><div class=\"fusion-sep-clear\"><\/div><div class=\"fusion-separator\" style=\"margin-left: auto;margin-right: auto;margin-bottom:30px;width:100%;max-width:300px;\"><div class=\"fusion-separator-border sep-single sep-solid\" style=\"border-color:#00bcd4;border-top-width:1px;\"><\/div><\/div><div class=\"fusion-sep-clear\"><\/div><div class=\"fusion-sep-clear\"><\/div><div class=\"fusion-separator fusion-full-width-sep\" style=\"margin-left: auto;margin-right: auto;margin-top:10px;width:100%;\"><\/div><div class=\"fusion-sep-clear\"><\/div><div class=\"fusion-image-carousel fusion-image-carousel-auto\"><div class=\"fusion-carousel\" data-autoplay=\"yes\" data-columns=\"5\" data-itemmargin=\"5\" data-itemwidth=\"180\" data-touchscroll=\"yes\" data-imagesize=\"auto\" data-scrollitems=\"1\"><div class=\"fusion-carousel-positioner\"><ul class=\"fusion-carousel-holder\"><li class=\"fusion-carousel-item\"><div class=\"fusion-carousel-item-wrapper\"><div class=\"fusion-image-wrapper hover-type-none\"><img decoding=\"async\" width=\"129\" height=\"129\" src=\"https:\/\/partnersyapi.com\/tur\/wp-content\/uploads\/2019\/01\/cunda.jpg\" class=\"attachment-full size-full\" alt=\"\" \/><\/div><\/div><\/li><li class=\"fusion-carousel-item\"><div class=\"fusion-carousel-item-wrapper\"><div class=\"fusion-image-wrapper hover-type-none\"><img decoding=\"async\" width=\"129\" height=\"129\" src=\"https:\/\/partnersyapi.com\/tur\/wp-content\/uploads\/2019\/01\/dogus.jpg\" class=\"attachment-full size-full\" alt=\"\" \/><\/div><\/div><\/li><li class=\"fusion-carousel-item\"><div class=\"fusion-carousel-item-wrapper\"><div class=\"fusion-image-wrapper hover-type-none\"><img decoding=\"async\" width=\"129\" height=\"129\" src=\"https:\/\/partnersyapi.com\/tur\/wp-content\/uploads\/2022\/08\/koc-grubu.jpg\" class=\"attachment-full size-full\" alt=\"\" \/><\/div><\/div><\/li><li class=\"fusion-carousel-item\"><div class=\"fusion-carousel-item-wrapper\"><div class=\"fusion-image-wrapper hover-type-none\"><img decoding=\"async\" width=\"129\" height=\"129\" src=\"https:\/\/partnersyapi.com\/tur\/wp-content\/uploads\/2019\/01\/ege.jpg\" class=\"attachment-full size-full\" alt=\"\" \/><\/div><\/div><\/li><li class=\"fusion-carousel-item\"><div class=\"fusion-carousel-item-wrapper\"><div class=\"fusion-image-wrapper hover-type-none\"><img decoding=\"async\" width=\"129\" height=\"129\" src=\"https:\/\/partnersyapi.com\/tur\/wp-content\/uploads\/2019\/01\/kreatif-mimarl\u0131k.jpg\" class=\"attachment-full size-full\" alt=\"\" \/><\/div><\/div><\/li><li class=\"fusion-carousel-item\"><div class=\"fusion-carousel-item-wrapper\"><div class=\"fusion-image-wrapper hover-type-none\"><img decoding=\"async\" width=\"129\" height=\"129\" src=\"https:\/\/partnersyapi.com\/tur\/wp-content\/uploads\/2019\/01\/soyak.jpg\" class=\"attachment-full size-full\" alt=\"\" \/><\/div><\/div><\/li><li class=\"fusion-carousel-item\"><div class=\"fusion-carousel-item-wrapper\"><div class=\"fusion-image-wrapper hover-type-none\"><img decoding=\"async\" width=\"129\" height=\"129\" src=\"https:\/\/partnersyapi.com\/tur\/wp-content\/uploads\/2019\/01\/uluova.jpg\" class=\"attachment-full size-full\" alt=\"\" \/><\/div><\/div><\/li><li class=\"fusion-carousel-item\"><div class=\"fusion-carousel-item-wrapper\"><div class=\"fusion-image-wrapper hover-type-none\"><img decoding=\"async\" width=\"129\" height=\"129\" src=\"https:\/\/partnersyapi.com\/tur\/wp-content\/uploads\/2019\/01\/vav.jpg\" class=\"attachment-full size-full\" alt=\"\" \/><\/div><\/div><\/li><\/ul><\/div><\/div><\/div><div class=\"fusion-clearfix\"><\/div><\/div><\/div><\/div><\/div><\/p>\n","protected":false},"excerpt":{"rendered":"","protected":false},"author":1,"featured_media":0,"parent":0,"menu_order":0,"comment_status":"closed","ping_status":"closed","template":"100-width.php","meta":{"footnotes":""},"class_list":["post-9","page","type-page","status-publish","hentry"],"_links":{"self":[{"href":"https:\/\/partnersyapi.com\/tur\/wp-json\/wp\/v2\/pages\/9","targetHints":{"allow":["GET"]}}],"collection":[{"href":"https:\/\/partnersyapi.com\/tur\/wp-json\/wp\/v2\/pages"}],"about":[{"href":"https:\/\/partnersyapi.com\/tur\/wp-json\/wp\/v2\/types\/page"}],"author":[{"embeddable":true,"href":"https:\/\/partnersyapi.com\/tur\/wp-json\/wp\/v2\/users\/1"}],"replies":[{"embeddable":true,"href":"https:\/\/partnersyapi.com\/tur\/wp-json\/wp\/v2\/comments?post=9"}],"version-history":[{"count":33,"href":"https:\/\/partnersyapi.com\/tur\/wp-json\/wp\/v2\/pages\/9\/revisions"}],"predecessor-version":[{"id":488,"href":"https:\/\/partnersyapi.com\/tur\/wp-json\/wp\/v2\/pages\/9\/revisions\/488"}],"wp:attachment":[{"href":"https:\/\/partnersyapi.com\/tur\/wp-json\/wp\/v2\/media?parent=9"}],"curies":[{"name":"wp","href":"https:\/\/api.w.org\/{rel}","templated":true}]}}