{"id":25,"date":"2019-01-08T19:40:59","date_gmt":"2019-01-08T16:40:59","guid":{"rendered":"http:\/\/partnersyapi.com\/tur\/?page_id=25"},"modified":"2019-01-13T20:06:43","modified_gmt":"2019-01-13T17:06:43","slug":"hakkimizda","status":"publish","type":"page","link":"https:\/\/partnersyapi.com\/tur\/hakkimizda\/","title":{"rendered":"Hakk\u0131m\u0131zda"},"content":{"rendered":"<div class=\"fusion-fullwidth fullwidth-box fusion-builder-row-1 nonhundred-percent-fullwidth non-hundred-percent-height-scrolling\" style=\"background-color: rgba(255,255,255,0);background-position: center center;background-repeat: no-repeat;padding-top:0px;padding-right:0px;padding-bottom:0px;padding-left:0px;margin-bottom: 0px;margin-top: 0px;border-width: 0px 0px 0px 0px;border-color:#eae9e9;border-style:solid;\" ><div class=\"fusion-builder-row fusion-row\"><div class=\"fusion-layout-column fusion_builder_column fusion-builder-column-0 fusion_builder_column_2_3 2_3 fusion-two-third fusion-column-first\" style=\"width:66.666666666667%;width:calc(66.666666666667% - ( ( 4% ) * 0.66666666666667 ) );margin-right: 4%;margin-top:0px;margin-bottom:20px;\"><div class=\"fusion-column-wrapper fusion-flex-column-wrapper-legacy\" style=\"background-position:left top;background-repeat:no-repeat;-webkit-background-size:cover;-moz-background-size:cover;-o-background-size:cover;background-size:cover;padding: 0px 0px 0px 0px;\"><div class=\"fusion-sep-clear\"><\/div><div class=\"fusion-separator fusion-full-width-sep\" style=\"margin-left: auto;margin-right: auto;margin-top:60px;margin-bottom:40px;width:100%;\"><\/div><div class=\"fusion-sep-clear\"><\/div><div class=\"fusion-text fusion-text-1\" style=\"transform:translate3d(0,0,0);\"><h2>Hakk\u0131m\u0131zda<\/h2>\n<\/div><div class=\"fusion-sep-clear\"><\/div><div class=\"fusion-separator fusion-full-width-sep\" style=\"margin-left: auto;margin-right: auto;width:100%;\"><div class=\"fusion-separator-border sep-single sep-solid\" style=\"border-color:#00bcd4;border-top-width:1px;\"><\/div><\/div><div class=\"fusion-sep-clear\"><\/div><div class=\"fusion-text fusion-text-2\" style=\"transform:translate3d(0,0,0);\"><p>Kuruldu\u011fu g\u00fcnden itibaren in\u015faat sekt\u00f6r\u00fcnde ba\u015far\u0131lar\u0131n\u0131 s\u00fcrd\u00fcrmekte olan firmam\u0131z tecr\u00fcbeli ve dinamik ekibi ile uygulama ve projelendirme alanlar\u0131nda en g\u00fcncel y\u00f6ntemleri kullanarak beraber \u00e7al\u0131\u015fmakta oldu\u011fu \u00e7\u00f6z\u00fcm ortaklar\u0131 e\u015fli\u011finde istikrarl\u0131 bir \u015fekilde projelerini devam ettirmektedir. H\u0131z\u0131 ve kaliteyi ilke edinmi\u015f in\u015faat anlay\u0131\u015f\u0131m\u0131z, m\u00fchendislik, mekanik ve mimari alanlar\u0131nda, b\u00fcnyemizdeki \u00e7al\u0131\u015fanlar\u0131m\u0131zla sa\u011flad\u0131\u011f\u0131m\u0131z servisler ile istikrar\u0131n\u0131 bozmadan ba\u015far\u0131s\u0131n\u0131 s\u00fcrd\u00fcrmektedir.<\/p>\n<\/div><div class=\"fusion-clearfix\"><\/div><\/div><\/div><div class=\"fusion-layout-column fusion_builder_column fusion-builder-column-1 fusion_builder_column_1_3 1_3 fusion-one-third fusion-column-last\" style=\"width:33.333333333333%;width:calc(33.333333333333% - ( ( 4% ) * 0.33333333333333 ) );margin-top:0px;margin-bottom:20px;\"><div class=\"fusion-column-wrapper fusion-flex-column-wrapper-legacy\" style=\"background-position:left top;background-repeat:no-repeat;-webkit-background-size:cover;-moz-background-size:cover;-o-background-size:cover;background-size:cover;padding: 0px 0px 0px 0px;\"><span class=\" fusion-imageframe imageframe-none imageframe-1 hover-type-none\"><img decoding=\"async\" width=\"450\" height=\"600\" title=\"soma-301-adet-yardim-konutlari-insaati-projesi-hafriyat-ve-kaba-yapi-isl&#8230; (5)\" src=\"http:\/\/partnersyapi.com\/tur\/wp-content\/uploads\/2019\/01\/soma-301-adet-yardim-konutlari-insaati-projesi-hafriyat-ve-kaba-yapi-isl...-5.jpg\" class=\"img-responsive wp-image-196\"\/><\/span><div class=\"fusion-clearfix\"><\/div><\/div><\/div><\/div><\/div>\n","protected":false},"excerpt":{"rendered":"","protected":false},"author":1,"featured_media":0,"parent":0,"menu_order":0,"comment_status":"closed","ping_status":"closed","template":"","meta":{"footnotes":""},"class_list":["post-25","page","type-page","status-publish","hentry"],"_links":{"self":[{"href":"https:\/\/partnersyapi.com\/tur\/wp-json\/wp\/v2\/pages\/25","targetHints":{"allow":["GET"]}}],"collection":[{"href":"https:\/\/partnersyapi.com\/tur\/wp-json\/wp\/v2\/pages"}],"about":[{"href":"https:\/\/partnersyapi.com\/tur\/wp-json\/wp\/v2\/types\/page"}],"author":[{"embeddable":true,"href":"https:\/\/partnersyapi.com\/tur\/wp-json\/wp\/v2\/users\/1"}],"replies":[{"embeddable":true,"href":"https:\/\/partnersyapi.com\/tur\/wp-json\/wp\/v2\/comments?post=25"}],"version-history":[{"count":11,"href":"https:\/\/partnersyapi.com\/tur\/wp-json\/wp\/v2\/pages\/25\/revisions"}],"predecessor-version":[{"id":215,"href":"https:\/\/partnersyapi.com\/tur\/wp-json\/wp\/v2\/pages\/25\/revisions\/215"}],"wp:attachment":[{"href":"https:\/\/partnersyapi.com\/tur\/wp-json\/wp\/v2\/media?parent=25"}],"curies":[{"name":"wp","href":"https:\/\/api.w.org\/{rel}","templated":true}]}}